{"id":189,"date":"2024-05-28T21:29:01","date_gmt":"2024-05-28T19:29:01","guid":{"rendered":"https:\/\/zornried.fr\/?page_id=189"},"modified":"2026-03-20T17:23:47","modified_gmt":"2026-03-20T16:23:47","slug":"informations","status":"publish","type":"page","link":"https:\/\/zornried.fr\/?page_id=189","title":{"rendered":"Informations"},"content":{"rendered":"<h1 style=\"text-align: center;\">Nettoyage des berges de la zorn le Samedi 28 mars 2026 \u00e0 9h00 RDV Place de l&rsquo;\u00e9glise.<\/h1>\r\n<h1 style=\"text-align: center;\"><em><strong>La carte de membre sera d\u00e9livr\u00e9e le 18 avril, 30 mai 2026 de 10h \u00e0 11h30 au chalet de la speck et chez Reichhart Yannick sur RDV au 06.86.31.99.26<\/strong><\/em><\/h1>\r\n<h1 style=\"text-align: center;\"><em><!-- \/wp:post-content -->\r\n\r\n<!-- wp:paragraph --><\/em><\/h1>\r\n<h1 style=\"text-align: center;\"><em>La tarif est fix\u00e9 \u00e0 40\u20ac pour les plus de 12 ans et 20\u20ac pour les jeunes -de 12 ans et les femmes. Gratuit pour les &#8211; de 6 ans.<\/em><\/h1>","protected":false},"excerpt":{"rendered":"<p>Nettoyage des berges de la zorn le Samedi 28 mars 2026 \u00e0 9h00 RDV Place de l&rsquo;\u00e9glise. La carte de membre sera d\u00e9livr\u00e9e le 18 &hellip;<\/p>\n","protected":false},"author":1,"featured_media":0,"parent":0,"menu_order":0,"comment_status":"closed","ping_status":"closed","template":"","meta":{"footnotes":""},"class_list":["post-189","page","type-page","status-publish","hentry"],"_links":{"self":[{"href":"https:\/\/zornried.fr\/index.php?rest_route=\/wp\/v2\/pages\/189","targetHints":{"allow":["GET"]}}],"collection":[{"href":"https:\/\/zornried.fr\/index.php?rest_route=\/wp\/v2\/pages"}],"about":[{"href":"https:\/\/zornried.fr\/index.php?rest_route=\/wp\/v2\/types\/page"}],"author":[{"embeddable":true,"href":"https:\/\/zornried.fr\/index.php?rest_route=\/wp\/v2\/users\/1"}],"replies":[{"embeddable":true,"href":"https:\/\/zornried.fr\/index.php?rest_route=%2Fwp%2Fv2%2Fcomments&post=189"}],"version-history":[{"count":12,"href":"https:\/\/zornried.fr\/index.php?rest_route=\/wp\/v2\/pages\/189\/revisions"}],"predecessor-version":[{"id":242,"href":"https:\/\/zornried.fr\/index.php?rest_route=\/wp\/v2\/pages\/189\/revisions\/242"}],"wp:attachment":[{"href":"https:\/\/zornried.fr\/index.php?rest_route=%2Fwp%2Fv2%2Fmedia&parent=189"}],"curies":[{"name":"wp","href":"https:\/\/api.w.org\/{rel}","templated":true}]}}