{"id":83,"date":"2024-02-24T14:55:17","date_gmt":"2024-02-24T13:55:17","guid":{"rendered":"https:\/\/zornried.fr\/?page_id=83"},"modified":"2026-02-27T20:35:50","modified_gmt":"2026-02-27T19:35:50","slug":"carte-de-membre","status":"publish","type":"page","link":"https:\/\/zornried.fr\/?page_id=83","title":{"rendered":"Carte de membre"},"content":{"rendered":"\r\n<h2><strong>Le carte de membre sera d\u00e9livr\u00e9e le 7 mars, 18 avril, 30 mai 2026 de 10h \u00e0 11h30 au chalet de la speck et chez Reichhart Yannick sur RDV au 06.86.31.99.26<\/strong><\/h2>\r\n\r\n\r\n\r\n<p>La tarif est fix\u00e9 \u00e0 40\u20ac pour les plus de 12 ans et 20\u20ac pour les jeunes -de 12 ans et les femmes. Gratuit pour les &#8211; de 6 ans.<\/p>\r\n\r\n\r\n\r\n<p>Le timbre CPMA reste obligatoire et n&rsquo;est d\u00e9livr\u00e9 que sur www.cartedepeche.fr avec toutes les cartes de p\u00eache.<\/p>\r\n\r\n\r\n\r\n<p>Pour les nouveaux membres, le formulaire d&rsquo;inscription est \u00e0 votre disposition ci-dessous.<\/p>\r\n\r\n\r\n\r\n<figure class=\"wp-block-image size-large\"><img loading=\"lazy\" decoding=\"async\" width=\"724\" height=\"1024\" class=\"wp-image-86\" src=\"https:\/\/zornried.fr\/wp-content\/uploads\/2024\/02\/membre-724x1024.jpg\" alt=\"\" srcset=\"https:\/\/zornried.fr\/wp-content\/uploads\/2024\/02\/membre-724x1024.jpg 724w, https:\/\/zornried.fr\/wp-content\/uploads\/2024\/02\/membre-212x300.jpg 212w, https:\/\/zornried.fr\/wp-content\/uploads\/2024\/02\/membre-768x1086.jpg 768w, https:\/\/zornried.fr\/wp-content\/uploads\/2024\/02\/membre-1086x1536.jpg 1086w, https:\/\/zornried.fr\/wp-content\/uploads\/2024\/02\/membre-1448x2048.jpg 1448w, https:\/\/zornried.fr\/wp-content\/uploads\/2024\/02\/membre-scaled.jpg 1810w\" sizes=\"auto, (max-width: 724px) 100vw, 724px\" \/><\/figure>\r\n\r\n\r\n\r\n<div data-wp-interactive=\"core\/file\" class=\"wp-block-file\"><object data-wp-bind--hidden=\"!state.hasPdfPreview\" hidden class=\"wp-block-file__embed\" style=\"width: 100%; height: 600px;\" data=\"https:\/\/zornried.fr\/wp-content\/uploads\/2024\/02\/membre.pdf\" type=\"application\/pdf\" width=\"300\" height=\"150\" aria-label=\"Contenu embarqu\u00e9 membre.\"><\/object><a id=\"wp-block-file--media-fef803e7-1919-44d3-8b2f-7f1ff969d26d\" href=\"https:\/\/zornried.fr\/wp-content\/uploads\/2024\/02\/membre.pdf\">membre<\/a><a class=\"wp-block-file__button wp-element-button\" href=\"https:\/\/zornried.fr\/wp-content\/uploads\/2024\/02\/membre.pdf\" download=\"\" aria-describedby=\"wp-block-file--media-fef803e7-1919-44d3-8b2f-7f1ff969d26d\">T\u00e9l\u00e9charger<\/a><\/div>\r\n\r\n\r\n\r\n<ul class=\"wp-block-list\">\r\n<li>\u00a0<\/li>\r\n<\/ul>\r\n","protected":false},"excerpt":{"rendered":"<p>Le carte de membre sera d\u00e9livr\u00e9e le 7 mars, 18 avril, 30 mai 2026 de 10h \u00e0 11h30 au chalet de la speck et chez &hellip;<\/p>\n","protected":false},"author":1,"featured_media":0,"parent":0,"menu_order":0,"comment_status":"closed","ping_status":"closed","template":"","meta":{"footnotes":""},"class_list":["post-83","page","type-page","status-publish","hentry"],"_links":{"self":[{"href":"https:\/\/zornried.fr\/index.php?rest_route=\/wp\/v2\/pages\/83","targetHints":{"allow":["GET"]}}],"collection":[{"href":"https:\/\/zornried.fr\/index.php?rest_route=\/wp\/v2\/pages"}],"about":[{"href":"https:\/\/zornried.fr\/index.php?rest_route=\/wp\/v2\/types\/page"}],"author":[{"embeddable":true,"href":"https:\/\/zornried.fr\/index.php?rest_route=\/wp\/v2\/users\/1"}],"replies":[{"embeddable":true,"href":"https:\/\/zornried.fr\/index.php?rest_route=%2Fwp%2Fv2%2Fcomments&post=83"}],"version-history":[{"count":11,"href":"https:\/\/zornried.fr\/index.php?rest_route=\/wp\/v2\/pages\/83\/revisions"}],"predecessor-version":[{"id":234,"href":"https:\/\/zornried.fr\/index.php?rest_route=\/wp\/v2\/pages\/83\/revisions\/234"}],"wp:attachment":[{"href":"https:\/\/zornried.fr\/index.php?rest_route=%2Fwp%2Fv2%2Fmedia&parent=83"}],"curies":[{"name":"wp","href":"https:\/\/api.w.org\/{rel}","templated":true}]}}